{"id":1108,"date":"2024-04-05T11:10:06","date_gmt":"2024-04-05T14:10:06","guid":{"rendered":"https:\/\/sanviatormacul.cl\/?page_id=1108"},"modified":"2026-03-13T23:14:10","modified_gmt":"2026-03-14T02:14:10","slug":"centro-de-padres-y-apoderados","status":"publish","type":"page","link":"https:\/\/sanviatormacul.cl\/?page_id=1108","title":{"rendered":"Centro de padres y apoderados"},"content":{"rendered":"\t\t<div data-elementor-type=\"wp-page\" data-elementor-id=\"1108\" class=\"elementor elementor-1108\">\n\t\t\t\t<div class=\"elementor-element elementor-element-3a46b480 e-flex e-con-boxed e-con e-parent\" data-id=\"3a46b480\" data-element_type=\"container\" data-e-type=\"container\">\n\t\t\t\t\t<div class=\"e-con-inner\">\n\t\t\t\t<div class=\"elementor-element elementor-element-19664ff9 elementor-widget elementor-widget-heading\" data-id=\"19664ff9\" data-element_type=\"widget\" data-e-type=\"widget\" data-widget_type=\"heading.default\">\n\t\t\t\t<div class=\"elementor-widget-container\">\n\t\t\t\t\t<h3 class=\"elementor-heading-title elementor-size-default\">Directorio Centro General de Padre y Apoderaos (CGPA)\n\n<\/h3>\t\t\t\t<\/div>\n\t\t\t\t<\/div>\n\t\t\t\t<div class=\"elementor-element elementor-element-20820efd elementor-widget elementor-widget-text-editor\" data-id=\"20820efd\" data-element_type=\"widget\" data-e-type=\"widget\" data-widget_type=\"text-editor.default\">\n\t\t\t\t<div class=\"elementor-widget-container\">\n\t\t\t\t\t\t\t\t\t<p><span style=\"color: var( --e-global-color-text ); font-family: var( --e-global-typography-text-font-family ), Sans-serif; text-align: var(--text-align); font-size: 1rem;\"><b>Integrantes<\/b><\/span><\/p><ul><li>Presidente: Jorge Alarc\u00f3n Dooland\u00a0<\/li><li>Vicepresidente: Ximena Mu\u00f1oz Garcia<\/li><li>Secretaria: Vanessa Mi\u00f1ano Ruiz<\/li><li>Tesorero: Claudio Aliaga Miranda<\/li><li>Cultura: Alejandra Vicencio Bravo<\/li><li>Deporte: Exon\u00a0Mu\u00f1oz Sinues<\/li><li>Bienestar: Paula Zapata D\u00edaz<\/li><li>Pastoral: Julio Esp\u00ednola Barrera<\/li><\/ul>\t\t\t\t\t\t\t\t<\/div>\n\t\t\t\t<\/div>\n\t\t\t\t\t<\/div>\n\t\t\t\t<\/div>\n\t\t\t\t<\/div>\n\t\t","protected":false},"excerpt":{"rendered":"<p>Directorio Centro General de Padre y Apoderaos (CGPA) Integrantes Presidente: Jorge Alarc\u00f3n Dooland\u00a0 Vicepresidente: Ximena Mu\u00f1oz Garcia Secretaria: Vanessa Mi\u00f1ano Ruiz Tesorero: Claudio Aliaga Miranda Cultura: Alejandra Vicencio Bravo Deporte: Exon\u00a0Mu\u00f1oz Sinues Bienestar: Paula Zapata D\u00edaz Pastoral: Julio Esp\u00ednola Barrera<\/p>\n","protected":false},"author":1,"featured_media":0,"parent":0,"menu_order":0,"comment_status":"closed","ping_status":"closed","template":"","meta":{"footnotes":""},"class_list":["post-1108","page","type-page","status-publish","hentry"],"_links":{"self":[{"href":"https:\/\/sanviatormacul.cl\/index.php?rest_route=\/wp\/v2\/pages\/1108","targetHints":{"allow":["GET"]}}],"collection":[{"href":"https:\/\/sanviatormacul.cl\/index.php?rest_route=\/wp\/v2\/pages"}],"about":[{"href":"https:\/\/sanviatormacul.cl\/index.php?rest_route=\/wp\/v2\/types\/page"}],"author":[{"embeddable":true,"href":"https:\/\/sanviatormacul.cl\/index.php?rest_route=\/wp\/v2\/users\/1"}],"replies":[{"embeddable":true,"href":"https:\/\/sanviatormacul.cl\/index.php?rest_route=%2Fwp%2Fv2%2Fcomments&post=1108"}],"version-history":[{"count":0,"href":"https:\/\/sanviatormacul.cl\/index.php?rest_route=\/wp\/v2\/pages\/1108\/revisions"}],"wp:attachment":[{"href":"https:\/\/sanviatormacul.cl\/index.php?rest_route=%2Fwp%2Fv2%2Fmedia&parent=1108"}],"curies":[{"name":"wp","href":"https:\/\/api.w.org\/{rel}","templated":true}]}}