{"id":255,"date":"2024-03-28T08:39:47","date_gmt":"2024-03-28T11:39:47","guid":{"rendered":"http:\/\/localhost\/?page_id=255"},"modified":"2024-04-03T08:57:04","modified_gmt":"2024-04-03T11:57:04","slug":"quienes-somos","status":"publish","type":"page","link":"https:\/\/sanviatormacul.cl\/?page_id=255","title":{"rendered":"Quienes Somos"},"content":{"rendered":"\t\t<div data-elementor-type=\"wp-page\" data-elementor-id=\"255\" class=\"elementor elementor-255\">\n\t\t\t\t<div class=\"elementor-element elementor-element-2a0f454 e-flex e-con-boxed e-con e-parent\" data-id=\"2a0f454\" data-element_type=\"container\" data-e-type=\"container\">\n\t\t\t\t\t<div class=\"e-con-inner\">\n\t\t\t\t<div class=\"elementor-element elementor-element-8e4d370 elementor-widget elementor-widget-heading\" data-id=\"8e4d370\" data-element_type=\"widget\" data-e-type=\"widget\" data-widget_type=\"heading.default\">\n\t\t\t\t<div class=\"elementor-widget-container\">\n\t\t\t\t\t<h3 class=\"elementor-heading-title elementor-size-default\">Quienes Somos<\/h3>\t\t\t\t<\/div>\n\t\t\t\t<\/div>\n\t\t\t\t<div class=\"elementor-element elementor-element-d3229f1 elementor-widget elementor-widget-text-editor\" data-id=\"d3229f1\" data-element_type=\"widget\" data-e-type=\"widget\" data-widget_type=\"text-editor.default\">\n\t\t\t\t<div class=\"elementor-widget-container\">\n\t\t\t\t\t\t\t\t\t<p>Nuestro Colegio recibe el nombre de San Viator, santo escogido por el Fundador de la Congregaci\u00f3n de los Cl\u00e9rigos de San Viator, como Patrono quien fue un joven lector y catequista de Lyon, Francia.<br \/>Nuestra Instituci\u00f3n es un centro escolar de educaci\u00f3n cat\u00f3lica que se ofrece a la sociedad como instrumento v\u00e1lido para la formaci\u00f3n integral de ni\u00f1os y j\u00f3venes, preferencialmente los pobres, de acuerdo con:<\/p><p>\u2022 La misi\u00f3n de la Congregaci\u00f3n.<br \/>\u2022 Las orientaciones de la Iglesia.<br \/>\u2022 Las directrices escolares del Estado procurando armonizarlas con el humanismo cristiano.<br \/>\u2022 La tradici\u00f3n educativa viatoriana.<br \/>\u2022 Las exigencias antropol\u00f3gicas y pedag\u00f3gicas del humanismo cristiano.<\/p>\t\t\t\t\t\t\t\t<\/div>\n\t\t\t\t<\/div>\n\t\t\t\t\t<\/div>\n\t\t\t\t<\/div>\n\t\t\t\t<\/div>\n\t\t","protected":false},"excerpt":{"rendered":"<p>Quienes Somos Nuestro Colegio recibe el nombre de San Viator, santo escogido por el Fundador de la Congregaci\u00f3n de los Cl\u00e9rigos de San Viator, como Patrono quien fue un joven lector y catequista de Lyon, Francia.Nuestra Instituci\u00f3n es un centro escolar de educaci\u00f3n cat\u00f3lica que se ofrece a la sociedad como instrumento v\u00e1lido para la [&hellip;]<\/p>\n","protected":false},"author":1,"featured_media":0,"parent":0,"menu_order":0,"comment_status":"closed","ping_status":"closed","template":"","meta":{"footnotes":""},"class_list":["post-255","page","type-page","status-publish","hentry"],"_links":{"self":[{"href":"https:\/\/sanviatormacul.cl\/index.php?rest_route=\/wp\/v2\/pages\/255","targetHints":{"allow":["GET"]}}],"collection":[{"href":"https:\/\/sanviatormacul.cl\/index.php?rest_route=\/wp\/v2\/pages"}],"about":[{"href":"https:\/\/sanviatormacul.cl\/index.php?rest_route=\/wp\/v2\/types\/page"}],"author":[{"embeddable":true,"href":"https:\/\/sanviatormacul.cl\/index.php?rest_route=\/wp\/v2\/users\/1"}],"replies":[{"embeddable":true,"href":"https:\/\/sanviatormacul.cl\/index.php?rest_route=%2Fwp%2Fv2%2Fcomments&post=255"}],"version-history":[{"count":0,"href":"https:\/\/sanviatormacul.cl\/index.php?rest_route=\/wp\/v2\/pages\/255\/revisions"}],"wp:attachment":[{"href":"https:\/\/sanviatormacul.cl\/index.php?rest_route=%2Fwp%2Fv2%2Fmedia&parent=255"}],"curies":[{"name":"wp","href":"https:\/\/api.w.org\/{rel}","templated":true}]}}