{"id":298,"date":"2024-03-28T15:15:28","date_gmt":"2024-03-28T18:15:28","guid":{"rendered":"http:\/\/localhost\/?page_id=298"},"modified":"2024-04-05T10:02:02","modified_gmt":"2024-04-05T13:02:02","slug":"principios","status":"publish","type":"page","link":"https:\/\/sanviatormacul.cl\/?page_id=298","title":{"rendered":"Principios"},"content":{"rendered":"\t\t<div data-elementor-type=\"wp-page\" data-elementor-id=\"298\" class=\"elementor elementor-298\">\n\t\t\t\t<div class=\"elementor-element elementor-element-ad41d3f e-flex e-con-boxed e-con e-parent\" data-id=\"ad41d3f\" data-element_type=\"container\" data-e-type=\"container\">\n\t\t\t\t\t<div class=\"e-con-inner\">\n\t\t\t\t<div class=\"elementor-element elementor-element-8abb1ec elementor-widget elementor-widget-heading\" data-id=\"8abb1ec\" data-element_type=\"widget\" data-e-type=\"widget\" data-widget_type=\"heading.default\">\n\t\t\t\t<div class=\"elementor-widget-container\">\n\t\t\t\t\t<h3 class=\"elementor-heading-title elementor-size-default\">Principios<\/h3>\t\t\t\t<\/div>\n\t\t\t\t<\/div>\n\t\t\t\t<div class=\"elementor-element elementor-element-968df24 elementor-widget elementor-widget-text-editor\" data-id=\"968df24\" data-element_type=\"widget\" data-e-type=\"widget\" data-widget_type=\"text-editor.default\">\n\t\t\t\t<div class=\"elementor-widget-container\">\n\t\t\t\t\t\t\t\t\t<p>Para el logro de nuestra visi\u00f3n se establece lo siguiente<\/p>\n<p>\u00b7 El colegio viatoriano quiere mantenerse fiel a una tradici\u00f3n educativa, independientemente de las personas que lo dirijan, marcada por:<\/p>\n<ul>\n<li>El esp\u00edritu de familia en las relaciones y en la convivencia.<\/li>\n<li>El respeto a la personalidad y caracter\u00edsticas de cada alumno.<\/li>\n<li>Un estilo comprensivo y dialogante en la propuesta de las ideas y valores.<\/li>\n<li>Un modelo ejemplar en los educadores.<\/li>\n<li>La oportunidad de integrarse en grupos diversos en los que vivan los valores propuestos.<\/li>\n<li>La inserci\u00f3n en un ambiente con los condicionantes b\u00e1sicos para un trabajo<br>y una formaci\u00f3n de calidad.<\/li>\n<li>Un medio cultural coherente entre la fe y la ciencia.<\/li>\n<li>Una amplia presencia y participaci\u00f3n de los Padres, Apoderados y<br>Colaboradores en la vida colegial.<\/li>\n<li>La celebraci\u00f3n y profundizaci\u00f3n de la Fe.<\/li>\n<li>Los padres son los primeros y principales responsables de la educaci\u00f3n de sus hijos.<\/li>\n<li>Defenderemos la igualdad de oportunidades, reivindic\u00e1ndola de la sociedad y de los estamentos de poder que pueden hacerla real.<\/li>\n<li>Rechazamos toda discriminaci\u00f3n por raz\u00f3n de clase social, posici\u00f3n econ\u00f3mica, creencias religiosas, afiliaciones pol\u00edticas o cualidades humanas para cuantos deseen educarse de acuerdo con nuestra propuesta educativa. Sin embargo pueden establecerse preferencias para las creencias religiosas en caso de igualdad de oportunidades.<\/li>\n<li>El Colegio evitar\u00e1 toda actividad accesible s\u00f3lo a los econ\u00f3micamente privilegiados para conseguir una real integraci\u00f3n social,<\/li>\n<li>Educamos en la fe cat\u00f3lica basados en la misi\u00f3n\u2026 Nuestro Centro es cat\u00f3lico. Al educar lo hacemos desde la perspectiva de la fe: como comunidad educativa, con la posibilidad de que la alcancen los que no creen, de acuerdo con la misi\u00f3n de la Congregaci\u00f3n: \u201cAnunciar a Jesucristo y su Evangelio y suscitar comunidades en las que se viva, se profundice y se celebre la fe\u201d.<\/li>\n<li>Nuestro Colegio pretende el logro de la educaci\u00f3n integral cristiana de sus alumnos. Abordamos nuestro prop\u00f3sito desde la triple perspectiva: personal, social y religiosa.<\/li>\n<li>Comunidad de religiosos, profesores, alumnos y padres de familia que a trav\u00e9s de las acciones distintas del Colegio, logren integrarse de tal modo que su proyecci\u00f3n hacia lo pedag\u00f3gico, lo humano-cristiano y lo econ\u00f3mico se manifieste en un ambiente de unidad y colaboraci\u00f3n permanente.<\/li>\n<li>Este es un colegio cat\u00f3lico de calidad en lo profesional como en lo acad\u00e9mico.<br>Sirviendo en todas las clases sociales, sin ning\u00fan tipo de discriminaci\u00f3n, participando profesional, laboral y apost\u00f3licamente con las dem\u00e1s instituciones docentes de la Iglesia, con utilidad social para el entorno y encarnado en la cultura regional.<\/li>\n<li>La pastoral colegial fomenta un ambiente cristiano en el Colegio: por la promoci\u00f3n de los valores evang\u00e9licos, por la calidad y contenidos de la ense\u00f1anza religiosa, por la vivencia y celebraci\u00f3n comunitaria de la fe, por la preparaci\u00f3n para la recepci\u00f3n de los sacramentos y por la inserci\u00f3n en la comunidad cristiana de la zona.<\/li>\n<li>Nuestro profesorado educa mediante el ejemplo de su vida y en plena sinton\u00eda con los principios que inspiran el Colegio.<\/li>\n<li>Nuestros alumnos buscan incansablemente vivir la experiencia de Jesucristo, transformando su entorno social y religioso a trav\u00e9s de la evangelizaci\u00f3n.<\/li>\n<li>La relaci\u00f3n familia-colegio se caracteriza por crear lazos profundamente humanos de acogida, di\u00e1logo y solidaridad, ofreciendo a los padres distintas oportunidades de formaci\u00f3n y vivencias cristianas.<\/li><li>Ofrecemos una pastoral Vocacional que llama e invita a los j\u00f3venes a descubrir un compromiso con Dios y con los hombres por medio de una consagraci\u00f3n sacerdotal o religiosa.<\/li>\n<\/ul>\t\t\t\t\t\t\t\t<\/div>\n\t\t\t\t<\/div>\n\t\t\t\t\t<\/div>\n\t\t\t\t<\/div>\n\t\t\t\t<\/div>\n\t\t","protected":false},"excerpt":{"rendered":"<p>Principios Para el logro de nuestra visi\u00f3n se establece lo siguiente \u00b7 El colegio viatoriano quiere mantenerse fiel a una tradici\u00f3n educativa, independientemente de las personas que lo dirijan, marcada por: El esp\u00edritu de familia en las relaciones y en la convivencia. El respeto a la personalidad y caracter\u00edsticas de cada alumno. Un estilo comprensivo [&hellip;]<\/p>\n","protected":false},"author":1,"featured_media":0,"parent":0,"menu_order":0,"comment_status":"closed","ping_status":"closed","template":"","meta":{"footnotes":""},"class_list":["post-298","page","type-page","status-publish","hentry"],"_links":{"self":[{"href":"https:\/\/sanviatormacul.cl\/index.php?rest_route=\/wp\/v2\/pages\/298","targetHints":{"allow":["GET"]}}],"collection":[{"href":"https:\/\/sanviatormacul.cl\/index.php?rest_route=\/wp\/v2\/pages"}],"about":[{"href":"https:\/\/sanviatormacul.cl\/index.php?rest_route=\/wp\/v2\/types\/page"}],"author":[{"embeddable":true,"href":"https:\/\/sanviatormacul.cl\/index.php?rest_route=\/wp\/v2\/users\/1"}],"replies":[{"embeddable":true,"href":"https:\/\/sanviatormacul.cl\/index.php?rest_route=%2Fwp%2Fv2%2Fcomments&post=298"}],"version-history":[{"count":0,"href":"https:\/\/sanviatormacul.cl\/index.php?rest_route=\/wp\/v2\/pages\/298\/revisions"}],"wp:attachment":[{"href":"https:\/\/sanviatormacul.cl\/index.php?rest_route=%2Fwp%2Fv2%2Fmedia&parent=298"}],"curies":[{"name":"wp","href":"https:\/\/api.w.org\/{rel}","templated":true}]}}