{"id":301,"date":"2024-03-28T15:15:37","date_gmt":"2024-03-28T18:15:37","guid":{"rendered":"http:\/\/localhost\/?page_id=301"},"modified":"2024-04-03T08:44:47","modified_gmt":"2024-04-03T11:44:47","slug":"historia","status":"publish","type":"page","link":"https:\/\/sanviatormacul.cl\/?page_id=301","title":{"rendered":"Historia"},"content":{"rendered":"\t\t<div data-elementor-type=\"wp-page\" data-elementor-id=\"301\" class=\"elementor elementor-301\">\n\t\t\t\t<div class=\"elementor-element elementor-element-7e420d5 e-flex e-con-boxed e-con e-parent\" data-id=\"7e420d5\" data-element_type=\"container\" data-e-type=\"container\">\n\t\t\t\t\t<div class=\"e-con-inner\">\n\t\t\t\t<div class=\"elementor-element elementor-element-abe7c14 elementor-widget elementor-widget-heading\" data-id=\"abe7c14\" data-element_type=\"widget\" data-e-type=\"widget\" data-widget_type=\"heading.default\">\n\t\t\t\t<div class=\"elementor-widget-container\">\n\t\t\t\t\t<h3 class=\"elementor-heading-title elementor-size-default\">Historia<\/h3>\t\t\t\t<\/div>\n\t\t\t\t<\/div>\n\t\t\t\t<div class=\"elementor-element elementor-element-3493086 elementor-widget elementor-widget-text-editor\" data-id=\"3493086\" data-element_type=\"widget\" data-e-type=\"widget\" data-widget_type=\"text-editor.default\">\n\t\t\t\t<div class=\"elementor-widget-container\">\n\t\t\t\t\t\t\t\t\t<p>El Colegio San Viator fue fundado en el a\u00f1o 1989 por la Congregaci\u00f3n de los Cl\u00e9rigos de San Viator, Congregaci\u00f3n religiosa de Derecho Pontificio. El establecimiento es reconocido como colaborador de la funci\u00f3n educacional del estado de acuerdo a la Resoluci\u00f3n exenta N. 001548 del 22 de mayo de 1989.<\/p><p>El Colegio San Viator de Macul comienza las clases el 6 de marzo de 1989 con diez cursos desde primero a quinto b\u00e1sico. Desde un comienzo el colegio se caracteriz\u00f3 por ser cercano y familiar, con una participaci\u00f3n activa de los apoderados que vieron crecer poco a poco la infraestructura del Colegio.<\/p><p>Desde el a\u00f1o 1989 se han realizado grandes transformaciones del entorno, fecha en que fue fundado el Colegio en calle Froil\u00e1n Roa N\u00ba 5755. Entre villas y sin ning\u00fan centro comercial ni tampoco estadio, sino m\u00e1s bien como la parte trasera de una nueva comuna.<\/p><p>Actualmente, en el entorno de nuestro establecimiento se encuentran algunas poblaciones o villas y a escasos metros grandes centros comerciales e industriales como el Mall Florida Center, el Estadio Monumental, la CTC y el Metro, que ha modificado el lugar, pasando de ser residencial a uno m\u00e1s bien comercial y de mayor movimiento de gente y locomoci\u00f3n.<\/p><p>En 1996 egresa de nuestro Colegio la primera promoci\u00f3n de cuartos medios. A pesar de la poca cantidad de a\u00f1os que tiene el colegio ha dejado su impronta en la zona sur oriente de Santiago, por su participaci\u00f3n pastoral, cultural, acad\u00e9mico y deportivo.<\/p>\t\t\t\t\t\t\t\t<\/div>\n\t\t\t\t<\/div>\n\t\t\t\t\t<\/div>\n\t\t\t\t<\/div>\n\t\t<div class=\"elementor-element elementor-element-83c01f7 e-flex e-con-boxed e-con e-parent\" data-id=\"83c01f7\" data-element_type=\"container\" data-e-type=\"container\">\n\t\t\t\t\t<div class=\"e-con-inner\">\n\t\t\t\t<div class=\"elementor-element elementor-element-1867e14 elementor-widget elementor-widget-image\" data-id=\"1867e14\" data-element_type=\"widget\" data-e-type=\"widget\" data-widget_type=\"image.default\">\n\t\t\t\t<div class=\"elementor-widget-container\">\n\t\t\t\t\t\t\t\t\t\t\t\t\t\t\t<img fetchpriority=\"high\" decoding=\"async\" width=\"800\" height=\"265\" src=\"https:\/\/sanviatormacul.cl\/wp-content\/uploads\/2024\/03\/test-1024x339.jpg\" class=\"attachment-large size-large wp-image-273\" alt=\"\" srcset=\"https:\/\/sanviatormacul.cl\/wp-content\/uploads\/2024\/03\/test-1024x339.jpg 1024w, https:\/\/sanviatormacul.cl\/wp-content\/uploads\/2024\/03\/test-300x99.jpg 300w, https:\/\/sanviatormacul.cl\/wp-content\/uploads\/2024\/03\/test-768x254.jpg 768w, https:\/\/sanviatormacul.cl\/wp-content\/uploads\/2024\/03\/test.jpg 1366w\" sizes=\"(max-width: 800px) 100vw, 800px\" \/>\t\t\t\t\t\t\t\t\t\t\t\t\t\t\t<\/div>\n\t\t\t\t<\/div>\n\t\t\t\t\t<\/div>\n\t\t\t\t<\/div>\n\t\t\t\t<\/div>\n\t\t","protected":false},"excerpt":{"rendered":"<p>Historia El Colegio San Viator fue fundado en el a\u00f1o 1989 por la Congregaci\u00f3n de los Cl\u00e9rigos de San Viator, Congregaci\u00f3n religiosa de Derecho Pontificio. El establecimiento es reconocido como colaborador de la funci\u00f3n educacional del estado de acuerdo a la Resoluci\u00f3n exenta N. 001548 del 22 de mayo de 1989. El Colegio San Viator [&hellip;]<\/p>\n","protected":false},"author":1,"featured_media":0,"parent":0,"menu_order":0,"comment_status":"closed","ping_status":"closed","template":"","meta":{"footnotes":""},"class_list":["post-301","page","type-page","status-publish","hentry"],"_links":{"self":[{"href":"https:\/\/sanviatormacul.cl\/index.php?rest_route=\/wp\/v2\/pages\/301","targetHints":{"allow":["GET"]}}],"collection":[{"href":"https:\/\/sanviatormacul.cl\/index.php?rest_route=\/wp\/v2\/pages"}],"about":[{"href":"https:\/\/sanviatormacul.cl\/index.php?rest_route=\/wp\/v2\/types\/page"}],"author":[{"embeddable":true,"href":"https:\/\/sanviatormacul.cl\/index.php?rest_route=\/wp\/v2\/users\/1"}],"replies":[{"embeddable":true,"href":"https:\/\/sanviatormacul.cl\/index.php?rest_route=%2Fwp%2Fv2%2Fcomments&post=301"}],"version-history":[{"count":0,"href":"https:\/\/sanviatormacul.cl\/index.php?rest_route=\/wp\/v2\/pages\/301\/revisions"}],"wp:attachment":[{"href":"https:\/\/sanviatormacul.cl\/index.php?rest_route=%2Fwp%2Fv2%2Fmedia&parent=301"}],"curies":[{"name":"wp","href":"https:\/\/api.w.org\/{rel}","templated":true}]}}