{"id":305,"date":"2024-03-28T15:15:53","date_gmt":"2024-03-28T18:15:53","guid":{"rendered":"http:\/\/localhost\/?page_id=305"},"modified":"2024-04-05T10:01:38","modified_gmt":"2024-04-05T13:01:38","slug":"perfil-del-alumno","status":"publish","type":"page","link":"https:\/\/sanviatormacul.cl\/?page_id=305","title":{"rendered":"Perfil del Alumno"},"content":{"rendered":"\t\t<div data-elementor-type=\"wp-page\" data-elementor-id=\"305\" class=\"elementor elementor-305\">\n\t\t\t\t<div class=\"elementor-element elementor-element-54d3094 e-flex e-con-boxed e-con e-parent\" data-id=\"54d3094\" data-element_type=\"container\" data-e-type=\"container\">\n\t\t\t\t\t<div class=\"e-con-inner\">\n\t\t\t\t<div class=\"elementor-element elementor-element-846d44b elementor-widget elementor-widget-heading\" data-id=\"846d44b\" data-element_type=\"widget\" data-e-type=\"widget\" data-widget_type=\"heading.default\">\n\t\t\t\t<div class=\"elementor-widget-container\">\n\t\t\t\t\t<h3 class=\"elementor-heading-title elementor-size-default\">Perfil del alumno<\/h3>\t\t\t\t<\/div>\n\t\t\t\t<\/div>\n\t\t\t\t<div class=\"elementor-element elementor-element-a52a270 elementor-widget elementor-widget-text-editor\" data-id=\"a52a270\" data-element_type=\"widget\" data-e-type=\"widget\" data-widget_type=\"text-editor.default\">\n\t\t\t\t<div class=\"elementor-widget-container\">\n\t\t\t\t\t\t\t\t\t<p>Consideramos como perfil del estudiante viatoriano aquellas cualidades, valores, habilidades y capacidades que nuestros estudiantes lograr\u00e1n desarrollar, fortalecer y demostrar con la educaci\u00f3n que la comunidad educativa potencia en su PEI y que una vez egresado le dar\u00e1 identidad al aplicarlos en su vida y para los que le rodean.<\/p><p><b>Distingue a los alumnos del Colegio San Viator :<\/b><\/p><p>\u2022 Convencidos de su ser \u201ccristiano\u201d, con s\u00f3lida formaci\u00f3n religiosa y profunda experiencia de la fe y confianza en Dios. Con un sello especial de ser \u201cviator\u201d<\/p><p>\u2022 Sentido profundo de la importancia de la Educaci\u00f3n de la Fe y el valor de la Liturgia para vivir la fe cristiana.<\/p><p>\u2022 Participan en la vida sacramental, siendo testimonio y ejemplo en el diario vivir.<\/p><p>\u2022 Participen activamente en las actividades organizadas por el colegio, con especial insistencia en las Pastorales.<\/p><p>\u2022 Comparten un sentido de familia y comunidad, sinti\u00e9ndose parte de la misi\u00f3n viatoriana de Anunciar a Jes\u00fas y su Evangelio.<\/p><p>\u2022 Profundo sentido de familia cristiana, permiti\u00e9ndole formar un n\u00facleo familiar sensible a ejemplo de la familia de Nazaret<\/p><p>\u2022 Tienen como convicci\u00f3n fundamental la importancia de la solidaridad, el amor y respeto a Dios, a las personas y al Medio Ambiente como a s\u00ed mismos.<\/p><p>\u2022 Dialogantes con la cultura de hoy, al alero de una mirada anal\u00edtica de la realidad y la multiplicidad de situaciones que en ella se producen.<\/p><p>\u00a0\u2022 Avanzada habilidad acad\u00e9mica, que les permite alcanzar niveles de excelencia en sus estudios y en la vida laboral.<\/p><p>\u2022 Potencian sus habilidades y destrezas en funci\u00f3n del servicio del pr\u00f3jimo.<\/p><p>\u2022 Tolerantes y respetuosos de la diversidad de creencias, ideolog\u00edas y convicciones.<\/p><p>\u2022 Sentido de la fraternidad y solidaridad, especialmente de los m\u00e1s pobres y necesitados, con conciencia social y pol\u00edtica.<\/p><p>\u2022 Respetuosos y orgullosos de su cultura, valores patrios y tradiciones.<\/p><p>\u2022 Cr\u00edticos y autocr\u00edticos, correctos y confiables, con sentido de responsabilidad en sus derechos y deberes ante la sociedad.<\/p><p>\u2022 Corteses y respetuosos, creando armon\u00eda en la comunidad que forma.<\/p><p>\u2022 Actitud de esfuerzo, de perseverancia por conseguir las metas que ellos mismos se fijan.<\/p><p>\u2022 Comprometidos por un mundo mejor, con acento en el trabajo en equipo, la creatividad personal y el uso de recursos apropiados para lograr las metas planteadas.<\/p><p>\u2022 Responsables ante la sociedad, perseverantes en sus valores, aut\u00e9ntico en sus decisiones, honrado en su actuar y optimista ante los desaf\u00edos.<\/p><div>\u00a0<\/div>\t\t\t\t\t\t\t\t<\/div>\n\t\t\t\t<\/div>\n\t\t\t\t\t<\/div>\n\t\t\t\t<\/div>\n\t\t\t\t<\/div>\n\t\t","protected":false},"excerpt":{"rendered":"<p>Perfil del alumno Consideramos como perfil del estudiante viatoriano aquellas cualidades, valores, habilidades y capacidades que nuestros estudiantes lograr\u00e1n desarrollar, fortalecer y demostrar con la educaci\u00f3n que la comunidad educativa potencia en su PEI y que una vez egresado le dar\u00e1 identidad al aplicarlos en su vida y para los que le rodean. Distingue a [&hellip;]<\/p>\n","protected":false},"author":1,"featured_media":0,"parent":0,"menu_order":0,"comment_status":"closed","ping_status":"closed","template":"","meta":{"footnotes":""},"class_list":["post-305","page","type-page","status-publish","hentry"],"_links":{"self":[{"href":"https:\/\/sanviatormacul.cl\/index.php?rest_route=\/wp\/v2\/pages\/305","targetHints":{"allow":["GET"]}}],"collection":[{"href":"https:\/\/sanviatormacul.cl\/index.php?rest_route=\/wp\/v2\/pages"}],"about":[{"href":"https:\/\/sanviatormacul.cl\/index.php?rest_route=\/wp\/v2\/types\/page"}],"author":[{"embeddable":true,"href":"https:\/\/sanviatormacul.cl\/index.php?rest_route=\/wp\/v2\/users\/1"}],"replies":[{"embeddable":true,"href":"https:\/\/sanviatormacul.cl\/index.php?rest_route=%2Fwp%2Fv2%2Fcomments&post=305"}],"version-history":[{"count":0,"href":"https:\/\/sanviatormacul.cl\/index.php?rest_route=\/wp\/v2\/pages\/305\/revisions"}],"wp:attachment":[{"href":"https:\/\/sanviatormacul.cl\/index.php?rest_route=%2Fwp%2Fv2%2Fmedia&parent=305"}],"curies":[{"name":"wp","href":"https:\/\/api.w.org\/{rel}","templated":true}]}}