{"id":308,"date":"2024-03-28T15:16:06","date_gmt":"2024-03-28T18:16:06","guid":{"rendered":"http:\/\/localhost\/?page_id=308"},"modified":"2024-04-05T10:03:55","modified_gmt":"2024-04-05T13:03:55","slug":"perfil-del-profesor","status":"publish","type":"page","link":"https:\/\/sanviatormacul.cl\/?page_id=308","title":{"rendered":"Perfil del Profesor"},"content":{"rendered":"\t\t<div data-elementor-type=\"wp-page\" data-elementor-id=\"308\" class=\"elementor elementor-308\">\n\t\t\t\t<div class=\"elementor-element elementor-element-7fe1929 e-flex e-con-boxed e-con e-parent\" data-id=\"7fe1929\" data-element_type=\"container\" data-e-type=\"container\">\n\t\t\t\t\t<div class=\"e-con-inner\">\n\t\t\t\t<div class=\"elementor-element elementor-element-27663a8 elementor-widget elementor-widget-heading\" data-id=\"27663a8\" data-element_type=\"widget\" data-e-type=\"widget\" data-widget_type=\"heading.default\">\n\t\t\t\t<div class=\"elementor-widget-container\">\n\t\t\t\t\t<h3 class=\"elementor-heading-title elementor-size-default\">Perfil del porfesor<\/h3>\t\t\t\t<\/div>\n\t\t\t\t<\/div>\n\t\t\t\t<div class=\"elementor-element elementor-element-8ab217c elementor-widget elementor-widget-text-editor\" data-id=\"8ab217c\" data-element_type=\"widget\" data-e-type=\"widget\" data-widget_type=\"text-editor.default\">\n\t\t\t\t<div class=\"elementor-widget-container\">\n\t\t\t\t\t\t\t\t\t<p>Son todas aquellas cualidades que dan identidad al docente Viatoriano y lo diferencia de otros, pues estas caracter\u00edsticas facilitan el logro de los objetivos de la propuesta con los estudiantes y dan coherencia al PEI.<br>Distingue a los profesores del Colegio San Viator:<br><b>Responsabilidades institucionales<br><\/b>\u2022 Identificados y comprometidos con el PEI del establecimiento.<br>\u2022 Comprometidos en los resultados de los objetivos institucionales, con profundo sentido vocacional y de entrega en su labor educativa.<br>\u2022 Participan activamente en celebraciones lit\u00fargicas y sacramentales.<br>\u2022 Creativos y eficaces en el planteamiento de las metas personales con relaci\u00f3n a las metas institucionales.<br>\u2022 Actitud positiva al trabajo en equipo, comunicando sus experiencias y necesidades cotidianas al resto del cuerpo docente.<br>\u2022 Cr\u00edticos y autocr\u00edticos de la marcha del trabajo personal y del resto de la comunidad educativa.<br>\u2022 Crean profundos v\u00ednculos con los dem\u00e1s actores de la comunidad educativa.<br>\u2022 Crean un clima de relaciones humanas favorables para el buen funcionamiento institucional.<br><b>Preparaci\u00f3n ense\u00f1anza<br><\/b>\u2022 Dominan con profundidad y claridad los contenidos de su disciplina.<br>\u2022 Se esfuerzan por organizar los objetivos, metodolog\u00edas y evaluaciones de forma \u00f3ptima para el buen resultado del proceso de ense\u00f1anza aprendizaje.<br>\u2022 Se esfuerzan por participar de una continua formaci\u00f3n tanto en lo personal como en el campo profesional.<br>\u2022 Creativos para contribuir con proyectos de mejoramiento e innovaci\u00f3n educacional.<br><b>Ambiente para la ense\u00f1anza<br><\/b>\u2022 Tolerantes y emp\u00e1ticos en sus relaciones, generando un ambiente propicio para educar.<br>\u2022 Motivan y valoran el esfuerzo y la perseverancia del trabajo personal y de todo el alumnado.<br>\u2022 Favorecen en el aula y fuera de ella h\u00e1bitos, valores y actitudes que promueve la propuesta viatoriana.<br>\u2022 Generan un ambiente educativo en la sala de clases y en todo lugar, fomentando la disciplina, la escucha, la participaci\u00f3n, el respeto, la presentaci\u00f3n personal.<br><b>Ense\u00f1anza a los alumnos<br><\/b>\u2022 Fomentan la fe, esperanza y caridad a trav\u00e9s de su actuar.<br>\u2022 Cultivan los procesos de aprendizaje con un alto nivel de exigencia conceptual y de aplicabilidad a la vida cotidiana.<br>\u2022 Se esfuerzan por desarrollar estrategias creativas e innovadoras que llevan a \u00f3ptimos resultados en el aprendizaje de los alumnos.<br>\u2022 Optimizan los tiempos de ense\u00f1anza de manera tal que en ellos el alumnos desarrolle el pensamiento y la reflexi\u00f3n.<br>\u2022 Preocupados en forma positiva, comprensiva y dialogante de aquellos estudiantes que se encuentran en alguna situaci\u00f3n conflictiva de aprendizaje, en la familia u otros.<\/p>\t\t\t\t\t\t\t\t<\/div>\n\t\t\t\t<\/div>\n\t\t\t\t\t<\/div>\n\t\t\t\t<\/div>\n\t\t\t\t<\/div>\n\t\t","protected":false},"excerpt":{"rendered":"<p>Perfil del porfesor Son todas aquellas cualidades que dan identidad al docente Viatoriano y lo diferencia de otros, pues estas caracter\u00edsticas facilitan el logro de los objetivos de la propuesta con los estudiantes y dan coherencia al PEI.Distingue a los profesores del Colegio San Viator:Responsabilidades institucionales\u2022 Identificados y comprometidos con el PEI del establecimiento.\u2022 Comprometidos [&hellip;]<\/p>\n","protected":false},"author":1,"featured_media":0,"parent":0,"menu_order":0,"comment_status":"closed","ping_status":"closed","template":"","meta":{"footnotes":""},"class_list":["post-308","page","type-page","status-publish","hentry"],"_links":{"self":[{"href":"https:\/\/sanviatormacul.cl\/index.php?rest_route=\/wp\/v2\/pages\/308","targetHints":{"allow":["GET"]}}],"collection":[{"href":"https:\/\/sanviatormacul.cl\/index.php?rest_route=\/wp\/v2\/pages"}],"about":[{"href":"https:\/\/sanviatormacul.cl\/index.php?rest_route=\/wp\/v2\/types\/page"}],"author":[{"embeddable":true,"href":"https:\/\/sanviatormacul.cl\/index.php?rest_route=\/wp\/v2\/users\/1"}],"replies":[{"embeddable":true,"href":"https:\/\/sanviatormacul.cl\/index.php?rest_route=%2Fwp%2Fv2%2Fcomments&post=308"}],"version-history":[{"count":0,"href":"https:\/\/sanviatormacul.cl\/index.php?rest_route=\/wp\/v2\/pages\/308\/revisions"}],"wp:attachment":[{"href":"https:\/\/sanviatormacul.cl\/index.php?rest_route=%2Fwp%2Fv2%2Fmedia&parent=308"}],"curies":[{"name":"wp","href":"https:\/\/api.w.org\/{rel}","templated":true}]}}