{"id":311,"date":"2024-03-28T15:16:19","date_gmt":"2024-03-28T18:16:19","guid":{"rendered":"http:\/\/localhost\/?page_id=311"},"modified":"2024-04-05T10:02:36","modified_gmt":"2024-04-05T13:02:36","slug":"perfil-del-apoderado","status":"publish","type":"page","link":"https:\/\/sanviatormacul.cl\/?page_id=311","title":{"rendered":"Perfil del Apoderado"},"content":{"rendered":"\t\t<div data-elementor-type=\"wp-page\" data-elementor-id=\"311\" class=\"elementor elementor-311\">\n\t\t\t\t<div class=\"elementor-element elementor-element-7c55610 e-flex e-con-boxed e-con e-parent\" data-id=\"7c55610\" data-element_type=\"container\" data-e-type=\"container\">\n\t\t\t\t\t<div class=\"e-con-inner\">\n\t\t\t\t<div class=\"elementor-element elementor-element-a07cb46 elementor-widget elementor-widget-heading\" data-id=\"a07cb46\" data-element_type=\"widget\" data-e-type=\"widget\" data-widget_type=\"heading.default\">\n\t\t\t\t<div class=\"elementor-widget-container\">\n\t\t\t\t\t<h3 class=\"elementor-heading-title elementor-size-default\">Perfil de apoderado<\/h3>\t\t\t\t<\/div>\n\t\t\t\t<\/div>\n\t\t\t\t<div class=\"elementor-element elementor-element-93dcfd6 elementor-widget elementor-widget-text-editor\" data-id=\"93dcfd6\" data-element_type=\"widget\" data-e-type=\"widget\" data-widget_type=\"text-editor.default\">\n\t\t\t\t<div class=\"elementor-widget-container\">\n\t\t\t\t\t\t\t\t\t<p>Perfil del Padre y Apoderado Viatoriano<\/p>\n<p>Consideramos a los padres los principales formadores y educadores de sus hijos, por lo tanto nuestra misi\u00f3n es colaborar en la educaci\u00f3n de los mismos, a trav\u00e9s de la adhesi\u00f3n a nuestra propuesta educativa.<br><b>Distingue al apoderado del Colegio San Viator:<br><\/b>\u2022 Respetuoso y comprometido con el Proyecto Educativo Institucional, as\u00ed como de las normas y reglamento del colegio.<br>\u2022 Fiel y coherente con la misi\u00f3n y principios de la instituci\u00f3n viatoriana.<br>\u2022 Comprometido con el Anuncio de Jesucristo y transmisor de experiencias de Fe.<br>\u2022 Comprometido con la educaci\u00f3n cristiana y acad\u00e9mica de los estudiantes.<br>\u2022 Que apoya en justicia la labor educativa del colegio.<br>\u2022 Fiel al cumplimiento de sus deberes y derechos.<br>\u2022 Dialogante y abierto a la b\u00fasqueda de soluciones pac\u00edficas a los conflictos.<br>\u2022 Informado e integrado en todas las actividades del colegio, especialmente las pastorales.<br>\u2022 Participativo y responsable colaborador de las actividades del Colegio y en las actividades del Centro de Padres y Apoderados.<br>\u2022 Solidario con el resto de la comunidad educativa, especialmente los m\u00e1s necesitados.<br>\u2022 Respetuoso y cort\u00e9s con todos los miembros de la comunidad educativa.<br>\u2022 Conf\u00eda plenamente en el profesionalismo de los integrantes de la comunidad educativa.<\/p>\t\t\t\t\t\t\t\t<\/div>\n\t\t\t\t<\/div>\n\t\t\t\t\t<\/div>\n\t\t\t\t<\/div>\n\t\t\t\t<\/div>\n\t\t","protected":false},"excerpt":{"rendered":"<p>Perfil de apoderado Perfil del Padre y Apoderado Viatoriano Consideramos a los padres los principales formadores y educadores de sus hijos, por lo tanto nuestra misi\u00f3n es colaborar en la educaci\u00f3n de los mismos, a trav\u00e9s de la adhesi\u00f3n a nuestra propuesta educativa.Distingue al apoderado del Colegio San Viator:\u2022 Respetuoso y comprometido con el Proyecto [&hellip;]<\/p>\n","protected":false},"author":1,"featured_media":0,"parent":0,"menu_order":0,"comment_status":"closed","ping_status":"closed","template":"","meta":{"footnotes":""},"class_list":["post-311","page","type-page","status-publish","hentry"],"_links":{"self":[{"href":"https:\/\/sanviatormacul.cl\/index.php?rest_route=\/wp\/v2\/pages\/311","targetHints":{"allow":["GET"]}}],"collection":[{"href":"https:\/\/sanviatormacul.cl\/index.php?rest_route=\/wp\/v2\/pages"}],"about":[{"href":"https:\/\/sanviatormacul.cl\/index.php?rest_route=\/wp\/v2\/types\/page"}],"author":[{"embeddable":true,"href":"https:\/\/sanviatormacul.cl\/index.php?rest_route=\/wp\/v2\/users\/1"}],"replies":[{"embeddable":true,"href":"https:\/\/sanviatormacul.cl\/index.php?rest_route=%2Fwp%2Fv2%2Fcomments&post=311"}],"version-history":[{"count":0,"href":"https:\/\/sanviatormacul.cl\/index.php?rest_route=\/wp\/v2\/pages\/311\/revisions"}],"wp:attachment":[{"href":"https:\/\/sanviatormacul.cl\/index.php?rest_route=%2Fwp%2Fv2%2Fmedia&parent=311"}],"curies":[{"name":"wp","href":"https:\/\/api.w.org\/{rel}","templated":true}]}}