{"id":315,"date":"2024-03-28T15:30:40","date_gmt":"2024-03-28T18:30:40","guid":{"rendered":"http:\/\/localhost\/?page_id=315"},"modified":"2024-04-03T08:48:01","modified_gmt":"2024-04-03T11:48:01","slug":"nuestro-fundador","status":"publish","type":"page","link":"https:\/\/sanviatormacul.cl\/?page_id=315","title":{"rendered":"Nuestro Fundador"},"content":{"rendered":"\t\t<div data-elementor-type=\"wp-page\" data-elementor-id=\"315\" class=\"elementor elementor-315\">\n\t\t\t\t<div class=\"elementor-element elementor-element-f811459 e-flex e-con-boxed e-con e-parent\" data-id=\"f811459\" data-element_type=\"container\" data-e-type=\"container\">\n\t\t\t\t\t<div class=\"e-con-inner\">\n\t\t\t\t<div class=\"elementor-element elementor-element-abf9185 elementor-widget elementor-widget-heading\" data-id=\"abf9185\" data-element_type=\"widget\" data-e-type=\"widget\" data-widget_type=\"heading.default\">\n\t\t\t\t<div class=\"elementor-widget-container\">\n\t\t\t\t\t<h3 class=\"elementor-heading-title elementor-size-default\">Nuestro Fundador<\/h3>\t\t\t\t<\/div>\n\t\t\t\t<\/div>\n\t\t\t\t<div class=\"elementor-element elementor-element-dc02657 elementor-widget elementor-widget-text-editor\" data-id=\"dc02657\" data-element_type=\"widget\" data-e-type=\"widget\" data-widget_type=\"text-editor.default\">\n\t\t\t\t<div class=\"elementor-widget-container\">\n\t\t\t\t\t\t\t\t\t<p style=\"text-align: left;\"><b><img fetchpriority=\"high\" decoding=\"async\" class=\"alignleft size-medium wp-image-941\" src=\"http:\/\/localhost\/wp-content\/uploads\/2024\/04\/silueta_querbes-248x300.jpg\" alt=\"\" width=\"248\" height=\"300\" srcset=\"https:\/\/sanviatormacul.cl\/wp-content\/uploads\/2024\/04\/silueta_querbes-248x300.jpg 248w, https:\/\/sanviatormacul.cl\/wp-content\/uploads\/2024\/04\/silueta_querbes.jpg 354w\" sizes=\"(max-width: 248px) 100vw, 248px\" \/>PADRE LUIS QUERBES<\/b><\/p><p><span style=\"color: var( --e-global-color-text ); font-family: var( --e-global-typography-text-font-family ), Sans-serif; font-weight: var( --e-global-typography-text-font-weight ); text-align: var(--text-align); font-size: 1rem;\">1793-1859<\/span><\/p><p>P\u00e1rroco de Vourles y Fundador de los Cl\u00e9rigos de San Viator<br \/>&#8220;Adorado y Amado sea Jes\u00fas&#8221;<\/p><p><b>DATOS BIOGR\u00c1FICOS<br \/><\/b>21 de Agosto de 1793 Nacimiento en Lyon (Francia) en plena Revoluci\u00f3n<br \/>31 de Octubre de 1812 Ingreso en el Seminario San Ireneo de Lyon<br \/>17 de Diciembre de 1816 Ordenaci\u00f3n Sacerdotal<br \/>13 de Febrero de 1817 Coadjuntor en San Niezer de Lyon<br \/>25 de Octubre de 1822 P\u00e1rroco de Vourles<br \/>Finales de 1826 Hacia esta fecha, dice haber concebido la primera idea de la Sociedad.<br \/>20 de Enero de 1829 Estatutos de una Asociaci\u00f3n caritativa llamada \u201cCatequistas de San Viator\u201d<br \/>10 de Enero de 1830 Ordenanza real autorizando la \u201cAsociaci\u00f3n de San Viator\u201d y los Estatutos<br \/>3 de Noviembre de 1831 Aprobaci\u00f3n de los Cl\u00e9rigos de San Viator por Monse\u00f1or de Pins<br \/>Oto\u00f1o de 1832 Apertura de las primeras escuelas<br \/>31 de Mayo de 1839 Aprobaci\u00f3n pontificia de los Cl\u00e9rigos de San Viator. Breve \u201cCum Coelestis\u201d<br \/>1 de Septiembre de 1859 Muere en Vourles<\/p><p>El P. Luis Querbes, escogi\u00f3 como modelo y Patrono de la Congregaci\u00f3n al Joven Viator, lector y catequista de la Iglesia de Lyon en el siglo IV, destac\u00f3 por su piedad, pureza, su celo en la educaci\u00f3n de la juventud,, por su esmero en organizar las ceremonias religiosas y, finalmente, por su gran fidelidad a su obispo San Justo.<\/p><p>En su etapa de Director de la Escuela Clerical de San Nizier, sus actividades se centran a los pies de Nuestra Se\u00f1ora de Gracia y al pie de ese mismo altar propaga el \u201cMes de Mar\u00eda\u201d en su Parroquia que seg\u00fan una pretendida tradici\u00f3n, se difundi\u00f3 luego por toda Francia.<br \/>Los Cl\u00e9rigos de San Viator tienen como Misi\u00f3n: \u201cAnunciar a Jesucristo y su Evangelio y suscitar comunidades en las que se viva, se profundice y se celebre la fe\u201d.<\/p><p>Los Cl\u00e9rigos de San Viator est\u00e1n actualmente insertos en: Canad\u00e1, Colombia, Costa de Marfil, Chile, Espa\u00f1a, Estados Unidos, Francia, Hait\u00ed, Honduras, Italia, Jap\u00f3n, Per\u00fa, Taiwan y Bolivia.<br \/>Tienen como lema: \u201cAdorado y Amado sea Jes\u00fas\u201d.<\/p>\t\t\t\t\t\t\t\t<\/div>\n\t\t\t\t<\/div>\n\t\t\t\t\t<\/div>\n\t\t\t\t<\/div>\n\t\t\t\t<\/div>\n\t\t","protected":false},"excerpt":{"rendered":"<p>Nuestro Fundador PADRE LUIS QUERBES 1793-1859 P\u00e1rroco de Vourles y Fundador de los Cl\u00e9rigos de San Viator&#8220;Adorado y Amado sea Jes\u00fas&#8221; DATOS BIOGR\u00c1FICOS21 de Agosto de 1793 Nacimiento en Lyon (Francia) en plena Revoluci\u00f3n31 de Octubre de 1812 Ingreso en el Seminario San Ireneo de Lyon17 de Diciembre de 1816 Ordenaci\u00f3n Sacerdotal13 de Febrero de [&hellip;]<\/p>\n","protected":false},"author":1,"featured_media":0,"parent":0,"menu_order":0,"comment_status":"closed","ping_status":"closed","template":"","meta":{"footnotes":""},"class_list":["post-315","page","type-page","status-publish","hentry"],"_links":{"self":[{"href":"https:\/\/sanviatormacul.cl\/index.php?rest_route=\/wp\/v2\/pages\/315","targetHints":{"allow":["GET"]}}],"collection":[{"href":"https:\/\/sanviatormacul.cl\/index.php?rest_route=\/wp\/v2\/pages"}],"about":[{"href":"https:\/\/sanviatormacul.cl\/index.php?rest_route=\/wp\/v2\/types\/page"}],"author":[{"embeddable":true,"href":"https:\/\/sanviatormacul.cl\/index.php?rest_route=\/wp\/v2\/users\/1"}],"replies":[{"embeddable":true,"href":"https:\/\/sanviatormacul.cl\/index.php?rest_route=%2Fwp%2Fv2%2Fcomments&post=315"}],"version-history":[{"count":0,"href":"https:\/\/sanviatormacul.cl\/index.php?rest_route=\/wp\/v2\/pages\/315\/revisions"}],"wp:attachment":[{"href":"https:\/\/sanviatormacul.cl\/index.php?rest_route=%2Fwp%2Fv2%2Fmedia&parent=315"}],"curies":[{"name":"wp","href":"https:\/\/api.w.org\/{rel}","templated":true}]}}