{"id":318,"date":"2024-03-28T15:30:51","date_gmt":"2024-03-28T18:30:51","guid":{"rendered":"http:\/\/localhost\/?page_id=318"},"modified":"2024-04-03T08:52:56","modified_gmt":"2024-04-03T11:52:56","slug":"nuestro-patrono","status":"publish","type":"page","link":"https:\/\/sanviatormacul.cl\/?page_id=318","title":{"rendered":"Nuestro Patrono"},"content":{"rendered":"\t\t<div data-elementor-type=\"wp-page\" data-elementor-id=\"318\" class=\"elementor elementor-318\">\n\t\t\t\t<div class=\"elementor-element elementor-element-f4828ae e-flex e-con-boxed e-con e-parent\" data-id=\"f4828ae\" data-element_type=\"container\" data-e-type=\"container\">\n\t\t\t\t\t<div class=\"e-con-inner\">\n\t\t\t\t<div class=\"elementor-element elementor-element-95aa928 elementor-widget elementor-widget-heading\" data-id=\"95aa928\" data-element_type=\"widget\" data-e-type=\"widget\" data-widget_type=\"heading.default\">\n\t\t\t\t<div class=\"elementor-widget-container\">\n\t\t\t\t\t<h3 class=\"elementor-heading-title elementor-size-default\">Nuestro Patrono<\/h3>\t\t\t\t<\/div>\n\t\t\t\t<\/div>\n\t\t\t\t<div class=\"elementor-element elementor-element-60ca1b0 elementor-widget elementor-widget-text-editor\" data-id=\"60ca1b0\" data-element_type=\"widget\" data-e-type=\"widget\" data-widget_type=\"text-editor.default\">\n\t\t\t\t<div class=\"elementor-widget-container\">\n\t\t\t\t\t\t\t\t\t<p><b><img decoding=\"async\" class=\"alignleft size-medium wp-image-942\" src=\"http:\/\/localhost\/wp-content\/uploads\/2024\/04\/viator-148x300.jpg\" alt=\"\" width=\"148\" height=\"300\" srcset=\"https:\/\/sanviatormacul.cl\/wp-content\/uploads\/2024\/04\/viator-148x300.jpg 148w, https:\/\/sanviatormacul.cl\/wp-content\/uploads\/2024\/04\/viator.jpg 196w\" sizes=\"(max-width: 148px) 100vw, 148px\" \/>San Viator, Nuestro Patrono<br \/><\/b>Existe una comunidad de religiosos educadores que tienen como santo protector a San Viator, quienes dan este mismo nombre a sus colegios. Viator, cuando era ni\u00f1o su madre lo present\u00f3 al obispo San Justo y le pidi\u00f3 que lo instruyera en la religi\u00f3n. Pronto fue un excelente catequista, y aprendi\u00f3 muy bien el arte de escribir en bellas letras llegando a hacer copias de la S. Biblia y de otros libros religiosos para uso del templo.<br \/>El obispo San Justo deseaba dedicarse por completo a la vida de oraci\u00f3n, penitencia y dejando la bella ciudad de Lyon, parti\u00f3 hacia el desierto. El obispo se fue sin avisar a nadie, sin embargo Viator, su secretario, se dio cuenta y lo alcanz\u00f3 por el camino. Obtuvo que lo dejara irse con \u00e9l. Para ver si eran capaces de resistir la vida tan dura de los religiosos del desierto, fueron sometidos a duras pruebas antes de ser admitidos. El obispo Justo tej\u00eda canastos y el joven Viator se dedicaba a copiar con su hermosa letra los Libros Sagrados. Despu\u00e9s de mucho tiempo, lleg\u00f3 una comisi\u00f3n de Lyon a llevarse a la ciudad a los santos monjes, pero San Justo y San Viator les hablaron tan hermosamente de lo provechosa que es la vida de oraci\u00f3n y meditaci\u00f3n de un monasterio, que los que hab\u00edan llegado a llev\u00e1rselos para la ciudad se quedaron y se hicieron monjes. En diciembre del a\u00f1o 390 el anciano San Justo se sinti\u00f3 morir y al ver que su fiel disc\u00edpulo lloraba tan amargamente le dijo: &#8220;Los dos hemos luchado juntos en esta vida por agradar al Se\u00f1or Dios, los dos iremos tambi\u00e9n en compa\u00f1\u00eda a su reino celestial&#8221;. A los siete d\u00edas muri\u00f3 tambi\u00e9n el joven Viator, fiel compa\u00f1ero de su obispo.<\/p>\t\t\t\t\t\t\t\t<\/div>\n\t\t\t\t<\/div>\n\t\t\t\t\t<\/div>\n\t\t\t\t<\/div>\n\t\t\t\t<\/div>\n\t\t","protected":false},"excerpt":{"rendered":"<p>Nuestro Patrono San Viator, Nuestro PatronoExiste una comunidad de religiosos educadores que tienen como santo protector a San Viator, quienes dan este mismo nombre a sus colegios. Viator, cuando era ni\u00f1o su madre lo present\u00f3 al obispo San Justo y le pidi\u00f3 que lo instruyera en la religi\u00f3n. Pronto fue un excelente catequista, y aprendi\u00f3 [&hellip;]<\/p>\n","protected":false},"author":1,"featured_media":0,"parent":0,"menu_order":0,"comment_status":"closed","ping_status":"closed","template":"","meta":{"footnotes":""},"class_list":["post-318","page","type-page","status-publish","hentry"],"_links":{"self":[{"href":"https:\/\/sanviatormacul.cl\/index.php?rest_route=\/wp\/v2\/pages\/318","targetHints":{"allow":["GET"]}}],"collection":[{"href":"https:\/\/sanviatormacul.cl\/index.php?rest_route=\/wp\/v2\/pages"}],"about":[{"href":"https:\/\/sanviatormacul.cl\/index.php?rest_route=\/wp\/v2\/types\/page"}],"author":[{"embeddable":true,"href":"https:\/\/sanviatormacul.cl\/index.php?rest_route=\/wp\/v2\/users\/1"}],"replies":[{"embeddable":true,"href":"https:\/\/sanviatormacul.cl\/index.php?rest_route=%2Fwp%2Fv2%2Fcomments&post=318"}],"version-history":[{"count":0,"href":"https:\/\/sanviatormacul.cl\/index.php?rest_route=\/wp\/v2\/pages\/318\/revisions"}],"wp:attachment":[{"href":"https:\/\/sanviatormacul.cl\/index.php?rest_route=%2Fwp%2Fv2%2Fmedia&parent=318"}],"curies":[{"name":"wp","href":"https:\/\/api.w.org\/{rel}","templated":true}]}}