{"id":321,"date":"2024-03-28T15:31:19","date_gmt":"2024-03-28T18:31:19","guid":{"rendered":"http:\/\/localhost\/?page_id=321"},"modified":"2024-04-03T08:45:12","modified_gmt":"2024-04-03T11:45:12","slug":"identidad-educacion-religiosa","status":"publish","type":"page","link":"https:\/\/sanviatormacul.cl\/?page_id=321","title":{"rendered":"Itinerario de Educaci\u00f3n Religiosa"},"content":{"rendered":"\t\t<div data-elementor-type=\"wp-page\" data-elementor-id=\"321\" class=\"elementor elementor-321\">\n\t\t\t\t<div class=\"elementor-element elementor-element-d50f827 e-flex e-con-boxed e-con e-parent\" data-id=\"d50f827\" data-element_type=\"container\" data-e-type=\"container\">\n\t\t\t\t\t<div class=\"e-con-inner\">\n\t\t\t\t<div class=\"elementor-element elementor-element-ad71d71 elementor-widget elementor-widget-heading\" data-id=\"ad71d71\" data-element_type=\"widget\" data-e-type=\"widget\" data-widget_type=\"heading.default\">\n\t\t\t\t<div class=\"elementor-widget-container\">\n\t\t\t\t\t<h3 class=\"elementor-heading-title elementor-size-default\">Itinerario de educaci\u00f3n religiosa<\/h3>\t\t\t\t<\/div>\n\t\t\t\t<\/div>\n\t\t\t\t<div class=\"elementor-element elementor-element-c63c06a elementor-widget elementor-widget-text-editor\" data-id=\"c63c06a\" data-element_type=\"widget\" data-e-type=\"widget\" data-widget_type=\"text-editor.default\">\n\t\t\t\t<div class=\"elementor-widget-container\">\n\t\t\t\t\t\t\t\t\t<p>A comienzos del a\u00f1o 2012 se aprob\u00f3 como Proyecto Eje de nuestra Pastoral un Itinerario de Educaci\u00f3n de la Interioridad. Esto quiere decir, un camino que permita la maduraci\u00f3n espiritual de nuestros alumnos, ajust\u00e1ndose al perfil del alumno viatoriano se\u00f1alado en el PEEV.<br \/>Este proyecto tiene como objetivo acompa\u00f1ar a los alumnos y alumnas de nuestro colegio desde Pre-Kinder a Cuarto Medio en su camino humano y espiritual, que articule una maduraci\u00f3n integral de todas sus dimensiones. Entendemos como formadores que el proceso de fe no s\u00f3lo necesita de una reflexi\u00f3n y de una expresi\u00f3n \u00e9tica de nuestra conducta, sino que tambi\u00e9n una vivencia afectiva que nace en lo m\u00e1s profundo de nuestro ser.<br \/>Este itinerario, se basa en una compresi\u00f3n humanista y cristiana del proceso evolutivo del ni\u00f1o y adolescente, posee 14 etapas (los 14 a\u00f1os por los que pasan nuestros alumnos en el establecimiento), las cuales contienen Palabras Claves a trabajar, metas, objetivos y actividades. Cada etapa se inicia con una celebraci\u00f3n lit\u00fargica llamada \u201cRito de la Etapa\u201d, que tiene como caracter\u00edstica la entrega de un signo que representa el ideal espiritual que buscamos en el alumno.<br \/>Este es un camino que debe ser trabajado durante todo el a\u00f1o, preferencialmente desde orientaci\u00f3n, pastoral y las clases de Religi\u00f3n; sin embargo, es un deber de todo docente del Colegio San Viator de Macul conocer y aportar desde su funci\u00f3n con la ejecuci\u00f3n de este proyecto.<br \/>Este itinerario desea orientar a los padres y apoderados, profesores y agentes pastorales, en su labor educativa, de acompa\u00f1amiento y de testimonio de la vivencia cristiana de la espiritualidad<br \/>Invitamos a los alumnos y alumnas, padres y apoderados, profesores y asistentes de la educaci\u00f3n y a todos los que participan de nuestra comunidad educativa Viatoriana, a que apoyen y trabajen por este itinerario.<\/p>\t\t\t\t\t\t\t\t<\/div>\n\t\t\t\t<\/div>\n\t\t\t\t\t<\/div>\n\t\t\t\t<\/div>\n\t\t\t\t<\/div>\n\t\t","protected":false},"excerpt":{"rendered":"<p>Itinerario de educaci\u00f3n religiosa A comienzos del a\u00f1o 2012 se aprob\u00f3 como Proyecto Eje de nuestra Pastoral un Itinerario de Educaci\u00f3n de la Interioridad. Esto quiere decir, un camino que permita la maduraci\u00f3n espiritual de nuestros alumnos, ajust\u00e1ndose al perfil del alumno viatoriano se\u00f1alado en el PEEV.Este proyecto tiene como objetivo acompa\u00f1ar a los alumnos [&hellip;]<\/p>\n","protected":false},"author":1,"featured_media":0,"parent":0,"menu_order":0,"comment_status":"closed","ping_status":"closed","template":"","meta":{"footnotes":""},"class_list":["post-321","page","type-page","status-publish","hentry"],"_links":{"self":[{"href":"https:\/\/sanviatormacul.cl\/index.php?rest_route=\/wp\/v2\/pages\/321","targetHints":{"allow":["GET"]}}],"collection":[{"href":"https:\/\/sanviatormacul.cl\/index.php?rest_route=\/wp\/v2\/pages"}],"about":[{"href":"https:\/\/sanviatormacul.cl\/index.php?rest_route=\/wp\/v2\/types\/page"}],"author":[{"embeddable":true,"href":"https:\/\/sanviatormacul.cl\/index.php?rest_route=\/wp\/v2\/users\/1"}],"replies":[{"embeddable":true,"href":"https:\/\/sanviatormacul.cl\/index.php?rest_route=%2Fwp%2Fv2%2Fcomments&post=321"}],"version-history":[{"count":0,"href":"https:\/\/sanviatormacul.cl\/index.php?rest_route=\/wp\/v2\/pages\/321\/revisions"}],"wp:attachment":[{"href":"https:\/\/sanviatormacul.cl\/index.php?rest_route=%2Fwp%2Fv2%2Fmedia&parent=321"}],"curies":[{"name":"wp","href":"https:\/\/api.w.org\/{rel}","templated":true}]}}