{"id":327,"date":"2024-03-28T15:31:42","date_gmt":"2024-03-28T18:31:42","guid":{"rendered":"http:\/\/localhost\/?page_id=327"},"modified":"2024-03-30T18:09:17","modified_gmt":"2024-03-30T21:09:17","slug":"retiros-de-curso","status":"publish","type":"page","link":"https:\/\/sanviatormacul.cl\/?page_id=327","title":{"rendered":"Retiros de curso"},"content":{"rendered":"\t\t<div data-elementor-type=\"wp-page\" data-elementor-id=\"327\" class=\"elementor elementor-327\">\n\t\t\t\t<div class=\"elementor-element elementor-element-17f7310 e-flex e-con-boxed e-con e-parent\" data-id=\"17f7310\" data-element_type=\"container\" data-e-type=\"container\">\n\t\t\t\t\t<div class=\"e-con-inner\">\n\t\t\t\t<div class=\"elementor-element elementor-element-fa3fd45 elementor-widget elementor-widget-heading\" data-id=\"fa3fd45\" data-element_type=\"widget\" data-e-type=\"widget\" data-widget_type=\"heading.default\">\n\t\t\t\t<div class=\"elementor-widget-container\">\n\t\t\t\t\t<h3 class=\"elementor-heading-title elementor-size-default\">Retiros de curso<\/h3>\t\t\t\t<\/div>\n\t\t\t\t<\/div>\n\t\t\t\t<div class=\"elementor-element elementor-element-7b57680 elementor-widget elementor-widget-text-editor\" data-id=\"7b57680\" data-element_type=\"widget\" data-e-type=\"widget\" data-widget_type=\"text-editor.default\">\n\t\t\t\t<div class=\"elementor-widget-container\">\n\t\t\t\t\t\t\t\t\t<p>Organizaci\u00f3n del Retiro<br \/>Los Retiros Espirituales de Curso son preparados por el Coordinador de Pastoral de Media, con la colaboraci\u00f3n de los L\u00edderes del Movimiento JUVI y forman parte de la Formaci\u00f3n Pastoral, dentro del Proyecto Educativo de nuestro establecimiento.<br \/><br \/>Objetivo del Retiro<br \/>Todo retiro espiritual tiene por objetivo general el encuentro con Dios a trav\u00e9s de una profunda experiencia de fe, vivida personal y comunitariamente (grupo curso). Adem\u00e1s se posibilita el encuentro del alumno con su vida, su historia y su proyecto de vida a la luz del Evangelio.<br \/><br \/>\u00bfQu\u00e9 son los Retiros Espirituales?<br \/>No son solamente unos d\u00edas de reflexi\u00f3n psicol\u00f3gica, sociol\u00f3gica o hist\u00f3rica que hacemos en un momento privilegiado de silencio.<br \/>En palabras del Padre Querbes son &#8220;un instante extraordinario en la vida ordinaria&#8221; que pretende un encuentro del alumno en tres sentidos:<br \/>1. Con uno mismo, a trav\u00e9s del autoconocimiento y la lectura personal de la vida<br \/>2. Con el curso, en las relaciones sociales, en las metas y la proyecci\u00f3n del grupo.<br \/>3. Con Dios, en descubrir la persona de Jes\u00fas.<br \/><br \/>Progresi\u00f3n del Retiro<br \/>La experiencia de Retiro Espiritual de Curso se realiza en el Colegio San Viator desde 1\u00ba Medio hasta 3\u00ba medio.<br \/>Cada a\u00f1o la tem\u00e1tica recoge el objetivo general del Retiro Espiritual, pero adaptado en sus contenidos a nivel de acuerdo al Itinerario de la Espiritualidad.<br \/><br \/>Etapa de los Retiros:<br \/><br \/>PRIMERO MEDIO: \u201cSER JUSTOS, AL MODO DE JES\u00daS\u201d<br \/>Objetivos:<br \/>1. Valorar la vida personal como don y regalo.<br \/>2. Crecer en el sentido de Justicia.<br \/>3. Experimentar a Dios en la oraci\u00f3n personal<br \/>4. Descubrir la presencia de Dios en mi historia y vida.<br \/>Contenido:<br \/>1. El Amor de Dios (enraizado en la creaci\u00f3n y en la historia personal de cada uno y de la humanidad)<br \/>2. El llamado de Jes\u00fas a colaborar con El en la construcci\u00f3n del Reinado de Dios-Padre a partir de la Justicia misericordiosa.<br \/>3. La Justiciade Jes\u00fas en el Evangelio.<br \/>Modalidad: <br \/>1. Encuentros de Oraci\u00f3n personal y comunitario.<br \/>2. Trabajo personal (Ermita)<br \/><br \/>SEGUNDO MEDIO: \u201cENCONTRANDO A DIOS EN EL COMPROMISO SOCIAL\u201d.<br \/>Objetivos:<br \/>1. Profundizar el encuentro personal con Dios en la vida e historia.<br \/>2. Comprometer al alumno en la b\u00fasqueda cristiana del compromiso social.<br \/>3. Encontrarse con Jes\u00fas en el otro.<br \/>Contenido:<br \/>1. El Autoconocimiento y la Autoestima.<br \/>2. El Compromiso Social.<br \/>3. Situaci\u00f3n social actual.<br \/>4. El actuar de Jes\u00fas en el Evangelio.<br \/>Modalidad:<br \/>1. Encuentros de Oraci\u00f3n personal y comunitario.<br \/>2. Trabajo personal (Ermita)<br \/>TERCERO MEDIO:\u201cLA RESPONSABILIDAD LOS HAR\u00c1 LIBRES\u201d.<br \/>Objetivos:<br \/>1. Privilegiar el encuentro personal con Dios en la oraci\u00f3n.<br \/>2. Encontrar una manera real de uni\u00f3n a Dios en la propia historia y vida y que esta se proyecte en el futuro.<br \/>3. Responsabilizar el alumno de las consecuencias que tiene sus decisiones en la vida.<br \/>Contenido <br \/>1. Libertad y responsabilidad.<br \/>2. Al encuentro con Dios en la toma de decisiones.<br \/>3. \u201cLa verdad os har\u00e1 libres\u201d<br \/>4. El modo de vivir la libertad en Jes\u00fas.<br \/>Modalidad:<br \/>1. Encuentros de Oraci\u00f3n personal y comunitario.<br \/>2. Trabajo personal (Ermita)<\/p>\t\t\t\t\t\t\t\t<\/div>\n\t\t\t\t<\/div>\n\t\t\t\t\t<\/div>\n\t\t\t\t<\/div>\n\t\t\t\t<\/div>\n\t\t","protected":false},"excerpt":{"rendered":"<p>Retiros de curso Organizaci\u00f3n del RetiroLos Retiros Espirituales de Curso son preparados por el Coordinador de Pastoral de Media, con la colaboraci\u00f3n de los L\u00edderes del Movimiento JUVI y forman parte de la Formaci\u00f3n Pastoral, dentro del Proyecto Educativo de nuestro establecimiento. Objetivo del RetiroTodo retiro espiritual tiene por objetivo general el encuentro con Dios [&hellip;]<\/p>\n","protected":false},"author":1,"featured_media":0,"parent":0,"menu_order":0,"comment_status":"closed","ping_status":"closed","template":"","meta":{"footnotes":""},"class_list":["post-327","page","type-page","status-publish","hentry"],"_links":{"self":[{"href":"https:\/\/sanviatormacul.cl\/index.php?rest_route=\/wp\/v2\/pages\/327","targetHints":{"allow":["GET"]}}],"collection":[{"href":"https:\/\/sanviatormacul.cl\/index.php?rest_route=\/wp\/v2\/pages"}],"about":[{"href":"https:\/\/sanviatormacul.cl\/index.php?rest_route=\/wp\/v2\/types\/page"}],"author":[{"embeddable":true,"href":"https:\/\/sanviatormacul.cl\/index.php?rest_route=\/wp\/v2\/users\/1"}],"replies":[{"embeddable":true,"href":"https:\/\/sanviatormacul.cl\/index.php?rest_route=%2Fwp%2Fv2%2Fcomments&post=327"}],"version-history":[{"count":0,"href":"https:\/\/sanviatormacul.cl\/index.php?rest_route=\/wp\/v2\/pages\/327\/revisions"}],"wp:attachment":[{"href":"https:\/\/sanviatormacul.cl\/index.php?rest_route=%2Fwp%2Fv2%2Fmedia&parent=327"}],"curies":[{"name":"wp","href":"https:\/\/api.w.org\/{rel}","templated":true}]}}