{"id":330,"date":"2024-03-28T15:31:49","date_gmt":"2024-03-28T18:31:49","guid":{"rendered":"http:\/\/localhost\/?page_id=330"},"modified":"2026-03-13T15:16:07","modified_gmt":"2026-03-13T18:16:07","slug":"juvi","status":"publish","type":"page","link":"https:\/\/sanviatormacul.cl\/?page_id=330","title":{"rendered":"Juvi"},"content":{"rendered":"\t\t<div data-elementor-type=\"wp-page\" data-elementor-id=\"330\" class=\"elementor elementor-330\">\n\t\t\t\t<div class=\"elementor-element elementor-element-896028c e-flex e-con-boxed e-con e-parent\" data-id=\"896028c\" data-element_type=\"container\" data-e-type=\"container\">\n\t\t\t\t\t<div class=\"e-con-inner\">\n\t\t\t\t<div class=\"elementor-element elementor-element-337eae2 elementor-widget elementor-widget-heading\" data-id=\"337eae2\" data-element_type=\"widget\" data-e-type=\"widget\" data-widget_type=\"heading.default\">\n\t\t\t\t<div class=\"elementor-widget-container\">\n\t\t\t\t\t<h3 class=\"elementor-heading-title elementor-size-default\">JUVI<\/h3>\t\t\t\t<\/div>\n\t\t\t\t<\/div>\n\t\t\t\t\t<\/div>\n\t\t\t\t<\/div>\n\t\t<div class=\"elementor-element elementor-element-c8b4925 e-flex e-con-boxed e-con e-parent\" data-id=\"c8b4925\" data-element_type=\"container\" data-e-type=\"container\">\n\t\t\t\t\t<div class=\"e-con-inner\">\n\t\t<div class=\"elementor-element elementor-element-366505a e-con-full e-flex e-con e-child\" data-id=\"366505a\" data-element_type=\"container\" data-e-type=\"container\">\n\t\t\t\t<div class=\"elementor-element elementor-element-329ff4d elementor-widget elementor-widget-image\" data-id=\"329ff4d\" data-element_type=\"widget\" data-e-type=\"widget\" data-widget_type=\"image.default\">\n\t\t\t\t<div class=\"elementor-widget-container\">\n\t\t\t\t\t\t\t\t\t\t\t\t\t\t\t<img fetchpriority=\"high\" decoding=\"async\" width=\"800\" height=\"600\" src=\"https:\/\/sanviatormacul.cl\/wp-content\/uploads\/2026\/03\/Foto-JUVI-en-Misa-2026-1024x768.jpeg\" class=\"attachment-large size-large wp-image-1965\" alt=\"\" srcset=\"https:\/\/sanviatormacul.cl\/wp-content\/uploads\/2026\/03\/Foto-JUVI-en-Misa-2026-1024x768.jpeg 1024w, https:\/\/sanviatormacul.cl\/wp-content\/uploads\/2026\/03\/Foto-JUVI-en-Misa-2026-300x225.jpeg 300w, https:\/\/sanviatormacul.cl\/wp-content\/uploads\/2026\/03\/Foto-JUVI-en-Misa-2026-768x576.jpeg 768w, https:\/\/sanviatormacul.cl\/wp-content\/uploads\/2026\/03\/Foto-JUVI-en-Misa-2026-1536x1152.jpeg 1536w, https:\/\/sanviatormacul.cl\/wp-content\/uploads\/2026\/03\/Foto-JUVI-en-Misa-2026.jpeg 1600w\" sizes=\"(max-width: 800px) 100vw, 800px\" \/>\t\t\t\t\t\t\t\t\t\t\t\t\t\t\t<\/div>\n\t\t\t\t<\/div>\n\t\t\t\t<div class=\"elementor-element elementor-element-d8eef5e elementor-widget elementor-widget-image\" data-id=\"d8eef5e\" data-element_type=\"widget\" data-e-type=\"widget\" data-widget_type=\"image.default\">\n\t\t\t\t<div class=\"elementor-widget-container\">\n\t\t\t\t\t\t\t\t\t\t\t\t\t\t\t<img decoding=\"async\" width=\"800\" height=\"600\" src=\"https:\/\/sanviatormacul.cl\/wp-content\/uploads\/2026\/03\/Foto-JUVI-CEL-2026-1024x768.jpeg\" class=\"attachment-large size-large wp-image-1964\" alt=\"\" srcset=\"https:\/\/sanviatormacul.cl\/wp-content\/uploads\/2026\/03\/Foto-JUVI-CEL-2026-1024x768.jpeg 1024w, https:\/\/sanviatormacul.cl\/wp-content\/uploads\/2026\/03\/Foto-JUVI-CEL-2026-300x225.jpeg 300w, https:\/\/sanviatormacul.cl\/wp-content\/uploads\/2026\/03\/Foto-JUVI-CEL-2026-768x576.jpeg 768w, https:\/\/sanviatormacul.cl\/wp-content\/uploads\/2026\/03\/Foto-JUVI-CEL-2026-1536x1152.jpeg 1536w, https:\/\/sanviatormacul.cl\/wp-content\/uploads\/2026\/03\/Foto-JUVI-CEL-2026.jpeg 1600w\" sizes=\"(max-width: 800px) 100vw, 800px\" \/>\t\t\t\t\t\t\t\t\t\t\t\t\t\t\t<\/div>\n\t\t\t\t<\/div>\n\t\t\t\t<\/div>\n\t\t<div class=\"elementor-element elementor-element-4078c46 e-con-full e-flex e-con e-child\" data-id=\"4078c46\" data-element_type=\"container\" data-e-type=\"container\">\n\t\t\t\t<div class=\"elementor-element elementor-element-ab8b91f elementor-widget elementor-widget-text-editor\" data-id=\"ab8b91f\" data-element_type=\"widget\" data-e-type=\"widget\" data-widget_type=\"text-editor.default\">\n\t\t\t\t<div class=\"elementor-widget-container\">\n\t\t\t\t\t\t\t\t\t<p>Juventudes Viatorianas&#8230;<br \/>En nuestro Colegio San Viator, se encuentra a disposici\u00f3n de los alumnos una serie de actividades que ayudan y complementan la educaci\u00f3n que los padres dan a sus hijos. <br \/>Entre la diversa gama de actividades, pastorales y de formaci\u00f3n humana, se encuentra el Movimiento de Juventudes Viatorianas (JUVI), el cual tiene por objeto formar comunidades juveniles en donde se viva, profundice y celebre la fe. En \u00e9l se forman los l\u00edderes cristianos del ma\u00f1ana que nuestra sociedad necesita. Educamos en virtudes seg\u00fan las ense\u00f1anzas de Jes\u00fas; ense\u00f1amos a respetar la vida familiar y la responsabilidad colegial; ilustramos la fe como nos mand\u00f3 nuestro fundador el P. Luis Querbes y motivamos a la vivencia y participaci\u00f3n sacramental.<br \/>Este movimiento est\u00e1 compuesto por nuestros alumnos, los cuales se distribuyen en grupos (cordadas y comunidades) desde quinto b\u00e1sico hasta cuarto medio. Reuniones semanales, salidas recreativas, retiros, campamentos y servicio de acci\u00f3n social son las actividades que dan vida al grupo juvenil. Los miembros de los cursos mayores son los encargados de organizar todo esto, acompa\u00f1ados de un asesor, miembro de la comunidad educativa del colegio.<\/p><p>Los retiros espirituales organizados por JUVI se realizan habitualmente en la Casa de Retiro de San Viator en Puente Alto o en el mismo Colegio. Los principales retiros del a\u00f1o son:<br \/><br \/>Retiro &#8220;Campamento de Entrenamiento de L\u00edderes&#8221; &#8211; CEL (enero).<br \/>Retiro de Proyecci\u00f3n Pastoral (marzo).<br \/>Retiro de Semana Santa.<br \/>Retiro de Pentecost\u00e9s.<br \/>Retiro de formaci\u00f3n para animadores de grupo &#8211; ECCA (junio).<br \/>Encuentro provincial JUVI (agosto).<br \/>Encuentro de ni\u00f1os en el Esp\u00edritu.<br \/>Retiro de apoyo al Caf\u00e9 con Fe (septiembre).<br \/>Retiro de fin de a\u00f1o (diciembre)<\/p><p><br \/>\u00a1En Comunidad y en Servicio, construir un Mundo Nuevo!<\/p>\t\t\t\t\t\t\t\t<\/div>\n\t\t\t\t<\/div>\n\t\t\t\t<\/div>\n\t\t\t\t\t<\/div>\n\t\t\t\t<\/div>\n\t\t\t\t<\/div>\n\t\t","protected":false},"excerpt":{"rendered":"<p>JUVI Juventudes Viatorianas&#8230;En nuestro Colegio San Viator, se encuentra a disposici\u00f3n de los alumnos una serie de actividades que ayudan y complementan la educaci\u00f3n que los padres dan a sus hijos. Entre la diversa gama de actividades, pastorales y de formaci\u00f3n humana, se encuentra el Movimiento de Juventudes Viatorianas (JUVI), el cual tiene por objeto [&hellip;]<\/p>\n","protected":false},"author":1,"featured_media":0,"parent":0,"menu_order":0,"comment_status":"closed","ping_status":"closed","template":"","meta":{"footnotes":""},"class_list":["post-330","page","type-page","status-publish","hentry"],"_links":{"self":[{"href":"https:\/\/sanviatormacul.cl\/index.php?rest_route=\/wp\/v2\/pages\/330","targetHints":{"allow":["GET"]}}],"collection":[{"href":"https:\/\/sanviatormacul.cl\/index.php?rest_route=\/wp\/v2\/pages"}],"about":[{"href":"https:\/\/sanviatormacul.cl\/index.php?rest_route=\/wp\/v2\/types\/page"}],"author":[{"embeddable":true,"href":"https:\/\/sanviatormacul.cl\/index.php?rest_route=\/wp\/v2\/users\/1"}],"replies":[{"embeddable":true,"href":"https:\/\/sanviatormacul.cl\/index.php?rest_route=%2Fwp%2Fv2%2Fcomments&post=330"}],"version-history":[{"count":0,"href":"https:\/\/sanviatormacul.cl\/index.php?rest_route=\/wp\/v2\/pages\/330\/revisions"}],"wp:attachment":[{"href":"https:\/\/sanviatormacul.cl\/index.php?rest_route=%2Fwp%2Fv2%2Fmedia&parent=330"}],"curies":[{"name":"wp","href":"https:\/\/api.w.org\/{rel}","templated":true}]}}