{"id":338,"date":"2024-03-28T15:35:35","date_gmt":"2024-03-28T18:35:35","guid":{"rendered":"http:\/\/localhost\/?page_id=338"},"modified":"2026-03-24T21:34:55","modified_gmt":"2026-03-25T00:34:55","slug":"centro-de-estudiantes-viatorianos","status":"publish","type":"page","link":"https:\/\/sanviatormacul.cl\/?page_id=338","title":{"rendered":"Centro de estudiantes viatorianos"},"content":{"rendered":"\t\t<div data-elementor-type=\"wp-page\" data-elementor-id=\"338\" class=\"elementor elementor-338\">\n\t\t\t\t<div class=\"elementor-element elementor-element-13af6797 e-flex e-con-boxed e-con e-parent\" data-id=\"13af6797\" data-element_type=\"container\" data-e-type=\"container\">\n\t\t\t\t\t<div class=\"e-con-inner\">\n\t\t\t\t<div class=\"elementor-element elementor-element-6561f3b9 elementor-widget elementor-widget-heading\" data-id=\"6561f3b9\" data-element_type=\"widget\" data-e-type=\"widget\" data-widget_type=\"heading.default\">\n\t\t\t\t<div class=\"elementor-widget-container\">\n\t\t\t\t\t<h3 class=\"elementor-heading-title elementor-size-default\">Centro de estudiantes viatorianos<\/h3>\t\t\t\t<\/div>\n\t\t\t\t<\/div>\n\t\t\t\t\t<\/div>\n\t\t\t\t<\/div>\n\t\t<div class=\"elementor-element elementor-element-47c616d e-flex e-con-boxed e-con e-parent\" data-id=\"47c616d\" data-element_type=\"container\" data-e-type=\"container\">\n\t\t\t\t\t<div class=\"e-con-inner\">\n\t\t<div class=\"elementor-element elementor-element-5cb8985 e-con-full e-flex e-con e-child\" data-id=\"5cb8985\" data-element_type=\"container\" data-e-type=\"container\">\n\t\t\t\t<div class=\"elementor-element elementor-element-4e1ab2a3 elementor-widget elementor-widget-text-editor\" data-id=\"4e1ab2a3\" data-element_type=\"widget\" data-e-type=\"widget\" data-widget_type=\"text-editor.default\">\n\t\t\t\t<div class=\"elementor-widget-container\">\n\t\t\t\t\t\t\t\t\t<p>Integrantes<\/p><ul><li>Renato Barrales 4MA<br \/>Ofelia Galaz 4MA \u2013 Coordinadores Generales<\/li><li>Sof\u00eda Loyola 4MA<\/li><li>Francisca Araya 4MA<\/li><li>Martina Contreras 4MA<\/li><li>Alonso Basaure 4MA<\/li><li>Francisca Medina<\/li><li>Alexander R\u00edos 4MB<\/li><li>Martina Gatica 3MA<\/li><li>Sof\u00eda Guajardo 3MA<\/li><li>Javiera Riquelme 3MB<\/li><li>Sof\u00eda San Juan 2MB<\/li><li>Emilia Mella 2MB<\/li><li>Cosntanza Sep\u00falveda 2MB<\/li><li>Violeta Ramirez 2MA<\/li><li>Thomas Hern\u00e1ndez 2MA<\/li><li>Emilia Guzm\u00e1n 2MA<\/li><li>Fernanda V\u00e1squez 1MA<\/li><li>Javiera Espinoza 1MA<\/li><li>Elisa Campos 1MA<\/li><li>Valentina Carbajal 1MB<\/li><li>Emilia Gallo 1MB<\/li><li>Martina Valenzuela 1MB<\/li><\/ul><div>\u00a0<\/div>\t\t\t\t\t\t\t\t<\/div>\n\t\t\t\t<\/div>\n\t\t\t\t<\/div>\n\t\t<div class=\"elementor-element elementor-element-3a75924 e-con-full e-flex e-con e-child\" data-id=\"3a75924\" data-element_type=\"container\" data-e-type=\"container\">\n\t\t\t\t<div class=\"elementor-element elementor-element-c9085d5 elementor-widget elementor-widget-image\" data-id=\"c9085d5\" data-element_type=\"widget\" data-e-type=\"widget\" data-widget_type=\"image.default\">\n\t\t\t\t<div class=\"elementor-widget-container\">\n\t\t\t\t\t\t\t\t\t\t\t\t\t\t\t<img fetchpriority=\"high\" decoding=\"async\" width=\"800\" height=\"600\" src=\"https:\/\/sanviatormacul.cl\/wp-content\/uploads\/2026\/03\/CREV-2026-1024x768.jpg\" class=\"attachment-large size-large wp-image-2062\" alt=\"\" srcset=\"https:\/\/sanviatormacul.cl\/wp-content\/uploads\/2026\/03\/CREV-2026-1024x768.jpg 1024w, https:\/\/sanviatormacul.cl\/wp-content\/uploads\/2026\/03\/CREV-2026-300x225.jpg 300w, https:\/\/sanviatormacul.cl\/wp-content\/uploads\/2026\/03\/CREV-2026-768x576.jpg 768w, https:\/\/sanviatormacul.cl\/wp-content\/uploads\/2026\/03\/CREV-2026-1536x1152.jpg 1536w, https:\/\/sanviatormacul.cl\/wp-content\/uploads\/2026\/03\/CREV-2026.jpg 2048w\" sizes=\"(max-width: 800px) 100vw, 800px\" \/>\t\t\t\t\t\t\t\t\t\t\t\t\t\t\t<\/div>\n\t\t\t\t<\/div>\n\t\t\t\t<\/div>\n\t\t\t\t\t<\/div>\n\t\t\t\t<\/div>\n\t\t\t\t<\/div>\n\t\t","protected":false},"excerpt":{"rendered":"<p>Centro de estudiantes viatorianos Integrantes Renato Barrales 4MAOfelia Galaz 4MA \u2013 Coordinadores Generales Sof\u00eda Loyola 4MA Francisca Araya 4MA Martina Contreras 4MA Alonso Basaure 4MA Francisca Medina Alexander R\u00edos 4MB Martina Gatica 3MA Sof\u00eda Guajardo 3MA Javiera Riquelme 3MB Sof\u00eda San Juan 2MB Emilia Mella 2MB Cosntanza Sep\u00falveda 2MB Violeta Ramirez 2MA Thomas Hern\u00e1ndez 2MA [&hellip;]<\/p>\n","protected":false},"author":1,"featured_media":0,"parent":0,"menu_order":0,"comment_status":"closed","ping_status":"closed","template":"","meta":{"footnotes":""},"class_list":["post-338","page","type-page","status-publish","hentry"],"_links":{"self":[{"href":"https:\/\/sanviatormacul.cl\/index.php?rest_route=\/wp\/v2\/pages\/338","targetHints":{"allow":["GET"]}}],"collection":[{"href":"https:\/\/sanviatormacul.cl\/index.php?rest_route=\/wp\/v2\/pages"}],"about":[{"href":"https:\/\/sanviatormacul.cl\/index.php?rest_route=\/wp\/v2\/types\/page"}],"author":[{"embeddable":true,"href":"https:\/\/sanviatormacul.cl\/index.php?rest_route=\/wp\/v2\/users\/1"}],"replies":[{"embeddable":true,"href":"https:\/\/sanviatormacul.cl\/index.php?rest_route=%2Fwp%2Fv2%2Fcomments&post=338"}],"version-history":[{"count":0,"href":"https:\/\/sanviatormacul.cl\/index.php?rest_route=\/wp\/v2\/pages\/338\/revisions"}],"wp:attachment":[{"href":"https:\/\/sanviatormacul.cl\/index.php?rest_route=%2Fwp%2Fv2%2Fmedia&parent=338"}],"curies":[{"name":"wp","href":"https:\/\/api.w.org\/{rel}","templated":true}]}}